{"id":2,"date":"2023-04-25T06:15:20","date_gmt":"2023-04-25T06:15:20","guid":{"rendered":"https:\/\/aberschoen.de\/?page_id=2"},"modified":"2023-04-25T10:52:34","modified_gmt":"2023-04-25T10:52:34","slug":"startseite","status":"publish","type":"page","link":"https:\/\/aberschoen.de\/","title":{"rendered":""},"content":{"rendered":"\n<figure class=\"wp-block-image size-full\"><img decoding=\"async\" loading=\"lazy\" width=\"629\" height=\"210\" src=\"https:\/\/aberschoen.de\/wp-content\/uploads\/2023\/04\/image-1.png\" alt=\"\" class=\"wp-image-8\" srcset=\"https:\/\/aberschoen.de\/wp-content\/uploads\/2023\/04\/image-1.png 629w, https:\/\/aberschoen.de\/wp-content\/uploads\/2023\/04\/image-1-300x100.png 300w\" sizes=\"(max-width: 629px) 100vw, 629px\" \/><\/figure>\n\n\n\n<p>Seit der Er\u00f6ffnung meines Ateliers in 2022 war ich immer entschlossen, das zu tun, was ich liebe: hochwertige, handgefertigte Produkte herzustellen. Ich probiere gern Neues und lebe meine Kreativit\u00e4t aus. Zus\u00e4tzlich zu meiner vielf\u00e4ltigen Auswahl biete ich Exponate an, die nach kundenspezifischen Designs gefertigt sind.<\/p>\n\n\n\n<p><strong>Epoxidharz<\/strong><\/p>\n\n\n\n<p>Bei der Arbeit mit Epoxidharz sind der Kreativit\u00e4t keine Grenzen gesetzt, ob Schmuck, kleine Dekoartikel oder gro\u00dfe Tische. Die fertigen St\u00fccke sind sehr langlebig und somit ihren Preis wert.<\/p>\n\n\n\n<p><strong>Holz<\/strong><\/p>\n\n\n\n<p>Holz ist Natur pur und l\u00e4sst sich f\u00fcr viele Gebrauchsgegenst\u00e4nde verarbeiten. Mit den entsprechenden Werkzeugen l\u00e4sst es sich quasi in jede Form bringen und durch Lasuren und nat\u00fcrliche Farbstoffe auch individuell einf\u00e4rben.<\/p>\n\n\n\n<p>Ich arbeite bevorzugt mit Weichholz aus heimischen Gefilden f\u00fcr die Nachhaltigkeit.<\/p>\n\n\n\n<p><strong>Glas upcycling<\/strong><\/p>\n\n\n\n<p>Alte Flaschen lassen sich vielf\u00e4ltig in den Haushalt integrieren. Ob als Vase, Blumentopf oder dekorative Schale sind sie immer ein Hingucker.<\/p>\n\n\n\n<p><strong>Acrylbilder<\/strong><\/p>\n\n\n\n<p>Bilder in verschiedenen Techniken zu kreieren ist ein absolut spannendes Thema. Von Pouring \u00fcber puristisch bis zur Verarbeitung verschiedener Materialien ist alles m\u00f6glich.<\/p>\n\n\n\n<div class=\"wp-block-columns is-layout-flex wp-container-3\">\n<div class=\"wp-block-column is-layout-flow\">\n<figure class=\"wp-block-image size-full\"><img decoding=\"async\" loading=\"lazy\" width=\"730\" height=\"256\" src=\"https:\/\/aberschoen.de\/wp-content\/uploads\/2023\/04\/Martina_Wirth.png\" alt=\"\" class=\"wp-image-25\" srcset=\"https:\/\/aberschoen.de\/wp-content\/uploads\/2023\/04\/Martina_Wirth.png 730w, https:\/\/aberschoen.de\/wp-content\/uploads\/2023\/04\/Martina_Wirth-300x105.png 300w\" sizes=\"(max-width: 730px) 100vw, 730px\" \/><\/figure>\n<\/div>\n\n\n\n<div class=\"wp-block-column is-layout-flow\">\n<p class=\"has-text-align-right\">0173-2852601 <\/p>\n\n\n\n<p class=\"has-text-align-right\"><a href=\"mailto:mail@aberschoen.de\">mail@aberschoen.de<\/a><\/p>\n\n\n\n<p class=\"has-text-align-right\">aberschoen_by_mw<\/p>\n<\/div>\n<\/div>\n\n\n\n<div class=\"wp-block-columns is-layout-flex wp-container-7\">\n<div class=\"wp-block-column is-layout-flow\">\n<figure class=\"wp-block-image size-full\"><img decoding=\"async\" loading=\"lazy\" width=\"284\" height=\"226\" src=\"https:\/\/aberschoen.de\/wp-content\/uploads\/2023\/04\/Objekt1.png\" alt=\"\" class=\"wp-image-22\"\/><\/figure>\n<\/div>\n\n\n\n<div class=\"wp-block-column is-layout-flow\">\n<figure class=\"wp-block-image size-full\"><img decoding=\"async\" loading=\"lazy\" width=\"308\" height=\"226\" src=\"https:\/\/aberschoen.de\/wp-content\/uploads\/2023\/04\/Objekt3.png\" alt=\"\" class=\"wp-image-20\" srcset=\"https:\/\/aberschoen.de\/wp-content\/uploads\/2023\/04\/Objekt3.png 308w, https:\/\/aberschoen.de\/wp-content\/uploads\/2023\/04\/Objekt3-300x220.png 300w\" sizes=\"(max-width: 308px) 100vw, 308px\" \/><\/figure>\n<\/div>\n\n\n\n<div class=\"wp-block-column is-layout-flow\">\n<figure class=\"wp-block-image size-full is-resized\"><img decoding=\"async\" loading=\"lazy\" src=\"https:\/\/aberschoen.de\/wp-content\/uploads\/2023\/04\/Objekt2.png\" alt=\"\" class=\"wp-image-21\" width=\"45\" height=\"153\"\/><\/figure>\n<\/div>\n<\/div>\n\n\n\n<p><\/p>\n","protected":false},"excerpt":{"rendered":"<p>Seit der Er\u00f6ffnung meines Ateliers in 2022 war ich immer entschlossen, das zu tun, was ich liebe: hochwertige, handgefertigte Produkte herzustellen. Ich probiere gern Neues und lebe meine Kreativit\u00e4t aus. Zus\u00e4tzlich zu meiner vielf\u00e4ltigen Auswahl biete ich Exponate an, die nach kundenspezifischen Designs gefertigt sind. Epoxidharz Bei der Arbeit mit Epoxidharz sind der Kreativit\u00e4t keine [&hellip;]<\/p>\n","protected":false},"author":1,"featured_media":0,"parent":0,"menu_order":0,"comment_status":"closed","ping_status":"open","template":"","meta":[],"_links":{"self":[{"href":"https:\/\/aberschoen.de\/index.php\/wp-json\/wp\/v2\/pages\/2"}],"collection":[{"href":"https:\/\/aberschoen.de\/index.php\/wp-json\/wp\/v2\/pages"}],"about":[{"href":"https:\/\/aberschoen.de\/index.php\/wp-json\/wp\/v2\/types\/page"}],"author":[{"embeddable":true,"href":"https:\/\/aberschoen.de\/index.php\/wp-json\/wp\/v2\/users\/1"}],"replies":[{"embeddable":true,"href":"https:\/\/aberschoen.de\/index.php\/wp-json\/wp\/v2\/comments?post=2"}],"version-history":[{"count":14,"href":"https:\/\/aberschoen.de\/index.php\/wp-json\/wp\/v2\/pages\/2\/revisions"}],"predecessor-version":[{"id":36,"href":"https:\/\/aberschoen.de\/index.php\/wp-json\/wp\/v2\/pages\/2\/revisions\/36"}],"wp:attachment":[{"href":"https:\/\/aberschoen.de\/index.php\/wp-json\/wp\/v2\/media?parent=2"}],"curies":[{"name":"wp","href":"https:\/\/api.w.org\/{rel}","templated":true}]}}